{"id":2,"date":"2024-08-22T08:05:59","date_gmt":"2024-08-22T08:05:59","guid":{"rendered":"https:\/\/yourjob.ba\/?page_id=2"},"modified":"2024-09-07T11:29:01","modified_gmt":"2024-09-07T11:29:01","slug":"o-projektu","status":"publish","type":"page","link":"https:\/\/yourjob.ba\/index.php\/o-projektu\/","title":{"rendered":"O projektu Your Job"},"content":{"rendered":"\n<p class=\"has-albert-sans-font-family\">Donator: Aktivnosti projekta Your Job se realiziraju u okviru projekta EUzaZapo\u0161ljavanje koji financiraju Evropska unija sa 4 milijuna eura i \u0160vedska&nbsp; sa&nbsp; 1&nbsp; milijun&nbsp; eura,&nbsp; a&nbsp; realizira&nbsp; Me\u0111unarodna&nbsp; organizacija&nbsp; rada&nbsp; u&nbsp; BiH.&nbsp;<\/p>\n\n\n\n<p>Nositelj: Caritas Bosne i Hercegovine i Socijalno-edukativni centar<\/p>\n\n\n\n<p>Partneri: Caritas Biskupije Banja Luka, Slu\u017eba za zapo\u0161ljavanje HN\u017d\/K, Zavod za zapo\u0161ljavanje Republike Srpske, Centar za socijalni rad Mostar, Centar za socijalni rad Banja Luka, &nbsp;Zavod za obrazovanje odraslih Republike Srpske, Udruga roditelja djece s posebnim potrebama &#8220;Vedri osmijeh&#8221; Mostar, Event d.o.o. &#8211; APRIORI agencija, INFINIA d.o.o. Mostar edukacijski centar, PAR-MAR d.o.o &#8211; Rehabilitacijski centar \u017divot Mostar, WEB STUDIO d.o.o., LOTRI\u010c CONTROL d.o.o., Master Fitness d.o.o., Ustanova za stru\u010dno obrazovanje odraslih WMTA Banja Luka, &#8220;Aluntis&#8221; d.o.o. Banja Luka, Udru\u017eenje AKTA Medicover Diagnostics Laboratorije, UNITED FAMILY d.o.o. i IMPAKT Fondacija.<\/p>\n\n\n\n<p>Cilj projekta je pove\u0107ati zapo\u0161ljivost mladih \u017eena i mu\u0161karaca (15 do 29 godina) te mogu\u0107nosti zapo\u0161ljavanja mladih s podru\u010dja Mostara, \u010capljine i Banja Luke kroz sustav eksterne podr\u0161ke institucijama tr\u017ei\u0161ta rada u procesu aktivacije, obuke\/stru\u010dnog osposobljavanja i zapo\u0161ljavanja mladih kroz razvijanje partnerskih odnosa izme\u0111u relevantnih aktera.<\/p>\n\n\n\n<p>Projekt&nbsp;<strong><em>Potpora zapo\u0161ljivosti i mogu\u0107nostima zapo\u0161ljavanja mladih &#8211; Your Job<\/em><\/strong>&nbsp;je nastavak inicijativa partnerskih organizacija koja ima za cilj pove\u0107anje radne i socijalne uklju\u010denosti mladih. Metodologija projekta uvodi u\u010dinkovitije mehanizme za razvoj zapo\u0161ljivosti ove ranjive skupine, stvaraju\u0107i ekosustav koji pru\u017ea stvarne prilike za zapo\u0161ljavanje. Projekt YourJob u Mostaru, \u010capljini i Banja Luci doprinosi aktivaciji, obuci i zapo\u0161ljavanju neaktivnih i nezaposlenih mladih \u017eena i mu\u0161karaca. Krajnji korisnici su neaktivne ili nezaposlene mlade osobe registrirane u slu\u017ebama za zapo\u0161ljavanje. Aktivnosti projekta se provode kroz tri klju\u010dne komponente: aktivacija i ulazak u program, razvoj vje\u0161tina i podr\u0161ka zapo\u0161ljavanju. Projekt omogu\u0107ava mladima stjecanje samopouzdanja, soft i strukovnih vje\u0161tina te prakti\u010dnog iskustva kako bi bili konkurentniji na tr\u017ei\u0161tu rada. Tako\u0111er, oni koji \u017eele pokrenuti vlastiti posao bit \u0107e osposobljeni i podr\u017eani u tom procesu.<\/p>\n\n\n\n<p>Ove aktivnosti se realiziraju u okviru projekta EUzaZapo\u0161ljavanje koji ima za cilj pobolj\u0161anje socio-ekonomske situacije i uvjeta \u017eivota u Bosni i Hercegovini i usmjeren je na pove\u0107anje mogu\u0107nosti zapo\u0161ljavanja mladih, \u017eena iz ruralnih podru\u010dja, osoba s&nbsp; invaliditetom, Roma i dugoro\u010dno nezaposlenih&nbsp; osoba, kombiniranjem programa bespovratnih sredstava i tehni\u010dke pomo\u0107i.&nbsp;&nbsp;<\/p>\n","protected":false},"excerpt":{"rendered":"<p>Donator: Aktivnosti projekta Your Job se realiziraju u okviru projekta EUzaZapo\u0161ljavanje koji financiraju Evropska unija sa 4 milijuna eura i \u0160vedska&nbsp; sa&nbsp; 1&nbsp; milijun&nbsp; eura,&nbsp; a&nbsp; realizira&nbsp; Me\u0111unarodna&nbsp; organizacija&nbsp; rada&nbsp; u&nbsp; BiH.&nbsp; Nositelj: Caritas Bosne i Hercegovine i Socijalno-edukativni centar Partneri: Caritas Biskupije Banja Luka, Slu\u017eba za zapo\u0161ljavanje HN\u017d\/K, Zavod za zapo\u0161ljavanje Republike Srpske, Centar [&hellip;]<\/p>\n","protected":false},"author":1,"featured_media":0,"parent":0,"menu_order":0,"comment_status":"closed","ping_status":"closed","template":"","meta":{"footnotes":""},"class_list":["post-2","page","type-page","status-publish","hentry"],"yoast_head":"<!-- This site is optimized with the Yoast SEO plugin v27.5 - https:\/\/yoast.com\/product\/yoast-seo-wordpress\/ -->\n<title>O projektu Your Job - Potpora zapo\u0161ljivosti i mogu\u0107nostima zapo\u0161ljavanja mladih<\/title>\n<meta name=\"robots\" content=\"index, follow, max-snippet:-1, max-image-preview:large, max-video-preview:-1\" \/>\n<link rel=\"canonical\" href=\"https:\/\/yourjob.ba\/index.php\/o-projektu\/\" \/>\n<meta property=\"og:locale\" content=\"en_US\" \/>\n<meta property=\"og:type\" content=\"article\" \/>\n<meta property=\"og:title\" content=\"O projektu Your Job - Potpora zapo\u0161ljivosti i mogu\u0107nostima zapo\u0161ljavanja mladih\" \/>\n<meta property=\"og:description\" content=\"Donator: Aktivnosti projekta Your Job se realiziraju u okviru projekta EUzaZapo\u0161ljavanje koji financiraju Evropska unija sa 4 milijuna eura i \u0160vedska&nbsp; sa&nbsp; 1&nbsp; milijun&nbsp; eura,&nbsp; a&nbsp; realizira&nbsp; Me\u0111unarodna&nbsp; organizacija&nbsp; rada&nbsp; u&nbsp; BiH.&nbsp; Nositelj: Caritas Bosne i Hercegovine i Socijalno-edukativni centar Partneri: Caritas Biskupije Banja Luka, Slu\u017eba za zapo\u0161ljavanje HN\u017d\/K, Zavod za zapo\u0161ljavanje Republike Srpske, Centar [&hellip;]\" \/>\n<meta property=\"og:url\" content=\"https:\/\/yourjob.ba\/index.php\/o-projektu\/\" \/>\n<meta property=\"og:site_name\" content=\"Potpora zapo\u0161ljivosti i mogu\u0107nostima zapo\u0161ljavanja mladih\" \/>\n<meta property=\"article:modified_time\" content=\"2024-09-07T11:29:01+00:00\" \/>\n<meta name=\"twitter:card\" content=\"summary_large_image\" \/>\n<meta name=\"twitter:label1\" content=\"Est. reading time\" \/>\n\t<meta name=\"twitter:data1\" content=\"2 minutes\" \/>\n<script type=\"application\/ld+json\" class=\"yoast-schema-graph\">{\"@context\":\"https:\\\/\\\/schema.org\",\"@graph\":[{\"@type\":\"WebPage\",\"@id\":\"https:\\\/\\\/yourjob.ba\\\/index.php\\\/o-projektu\\\/\",\"url\":\"https:\\\/\\\/yourjob.ba\\\/index.php\\\/o-projektu\\\/\",\"name\":\"O projektu Your Job - Potpora zapo\u0161ljivosti i mogu\u0107nostima zapo\u0161ljavanja mladih\",\"isPartOf\":{\"@id\":\"https:\\\/\\\/yourjob.ba\\\/#website\"},\"datePublished\":\"2024-08-22T08:05:59+00:00\",\"dateModified\":\"2024-09-07T11:29:01+00:00\",\"breadcrumb\":{\"@id\":\"https:\\\/\\\/yourjob.ba\\\/index.php\\\/o-projektu\\\/#breadcrumb\"},\"inLanguage\":\"en-US\",\"potentialAction\":[{\"@type\":\"ReadAction\",\"target\":[\"https:\\\/\\\/yourjob.ba\\\/index.php\\\/o-projektu\\\/\"]}]},{\"@type\":\"BreadcrumbList\",\"@id\":\"https:\\\/\\\/yourjob.ba\\\/index.php\\\/o-projektu\\\/#breadcrumb\",\"itemListElement\":[{\"@type\":\"ListItem\",\"position\":1,\"name\":\"Home\",\"item\":\"https:\\\/\\\/yourjob.ba\\\/\"},{\"@type\":\"ListItem\",\"position\":2,\"name\":\"O projektu Your Job\"}]},{\"@type\":\"WebSite\",\"@id\":\"https:\\\/\\\/yourjob.ba\\\/#website\",\"url\":\"https:\\\/\\\/yourjob.ba\\\/\",\"name\":\"Potpora zapo\u0161ljivosti i mogu\u0107nostima zapo\u0161ljavanja mladih\",\"description\":\"\",\"publisher\":{\"@id\":\"https:\\\/\\\/yourjob.ba\\\/#organization\"},\"alternateName\":\"YourJob\",\"potentialAction\":[{\"@type\":\"SearchAction\",\"target\":{\"@type\":\"EntryPoint\",\"urlTemplate\":\"https:\\\/\\\/yourjob.ba\\\/?s={search_term_string}\"},\"query-input\":{\"@type\":\"PropertyValueSpecification\",\"valueRequired\":true,\"valueName\":\"search_term_string\"}}],\"inLanguage\":\"en-US\"},{\"@type\":\"Organization\",\"@id\":\"https:\\\/\\\/yourjob.ba\\\/#organization\",\"name\":\"YourJob\",\"url\":\"https:\\\/\\\/yourjob.ba\\\/\",\"logo\":{\"@type\":\"ImageObject\",\"inLanguage\":\"en-US\",\"@id\":\"https:\\\/\\\/yourjob.ba\\\/#\\\/schema\\\/logo\\\/image\\\/\",\"url\":\"https:\\\/\\\/yourjob.ba\\\/wp-content\\\/uploads\\\/2024\\\/09\\\/logo-01.jpg\",\"contentUrl\":\"https:\\\/\\\/yourjob.ba\\\/wp-content\\\/uploads\\\/2024\\\/09\\\/logo-01.jpg\",\"width\":1803,\"height\":673,\"caption\":\"YourJob\"},\"image\":{\"@id\":\"https:\\\/\\\/yourjob.ba\\\/#\\\/schema\\\/logo\\\/image\\\/\"}}]}<\/script>\n<!-- \/ Yoast SEO plugin. -->","yoast_head_json":{"title":"O projektu Your Job - Potpora zapo\u0161ljivosti i mogu\u0107nostima zapo\u0161ljavanja mladih","robots":{"index":"index","follow":"follow","max-snippet":"max-snippet:-1","max-image-preview":"max-image-preview:large","max-video-preview":"max-video-preview:-1"},"canonical":"https:\/\/yourjob.ba\/index.php\/o-projektu\/","og_locale":"en_US","og_type":"article","og_title":"O projektu Your Job - Potpora zapo\u0161ljivosti i mogu\u0107nostima zapo\u0161ljavanja mladih","og_description":"Donator: Aktivnosti projekta Your Job se realiziraju u okviru projekta EUzaZapo\u0161ljavanje koji financiraju Evropska unija sa 4 milijuna eura i \u0160vedska&nbsp; sa&nbsp; 1&nbsp; milijun&nbsp; eura,&nbsp; a&nbsp; realizira&nbsp; Me\u0111unarodna&nbsp; organizacija&nbsp; rada&nbsp; u&nbsp; BiH.&nbsp; Nositelj: Caritas Bosne i Hercegovine i Socijalno-edukativni centar Partneri: Caritas Biskupije Banja Luka, Slu\u017eba za zapo\u0161ljavanje HN\u017d\/K, Zavod za zapo\u0161ljavanje Republike Srpske, Centar [&hellip;]","og_url":"https:\/\/yourjob.ba\/index.php\/o-projektu\/","og_site_name":"Potpora zapo\u0161ljivosti i mogu\u0107nostima zapo\u0161ljavanja mladih","article_modified_time":"2024-09-07T11:29:01+00:00","twitter_card":"summary_large_image","twitter_misc":{"Est. reading time":"2 minutes"},"schema":{"@context":"https:\/\/schema.org","@graph":[{"@type":"WebPage","@id":"https:\/\/yourjob.ba\/index.php\/o-projektu\/","url":"https:\/\/yourjob.ba\/index.php\/o-projektu\/","name":"O projektu Your Job - Potpora zapo\u0161ljivosti i mogu\u0107nostima zapo\u0161ljavanja mladih","isPartOf":{"@id":"https:\/\/yourjob.ba\/#website"},"datePublished":"2024-08-22T08:05:59+00:00","dateModified":"2024-09-07T11:29:01+00:00","breadcrumb":{"@id":"https:\/\/yourjob.ba\/index.php\/o-projektu\/#breadcrumb"},"inLanguage":"en-US","potentialAction":[{"@type":"ReadAction","target":["https:\/\/yourjob.ba\/index.php\/o-projektu\/"]}]},{"@type":"BreadcrumbList","@id":"https:\/\/yourjob.ba\/index.php\/o-projektu\/#breadcrumb","itemListElement":[{"@type":"ListItem","position":1,"name":"Home","item":"https:\/\/yourjob.ba\/"},{"@type":"ListItem","position":2,"name":"O projektu Your Job"}]},{"@type":"WebSite","@id":"https:\/\/yourjob.ba\/#website","url":"https:\/\/yourjob.ba\/","name":"Potpora zapo\u0161ljivosti i mogu\u0107nostima zapo\u0161ljavanja mladih","description":"","publisher":{"@id":"https:\/\/yourjob.ba\/#organization"},"alternateName":"YourJob","potentialAction":[{"@type":"SearchAction","target":{"@type":"EntryPoint","urlTemplate":"https:\/\/yourjob.ba\/?s={search_term_string}"},"query-input":{"@type":"PropertyValueSpecification","valueRequired":true,"valueName":"search_term_string"}}],"inLanguage":"en-US"},{"@type":"Organization","@id":"https:\/\/yourjob.ba\/#organization","name":"YourJob","url":"https:\/\/yourjob.ba\/","logo":{"@type":"ImageObject","inLanguage":"en-US","@id":"https:\/\/yourjob.ba\/#\/schema\/logo\/image\/","url":"https:\/\/yourjob.ba\/wp-content\/uploads\/2024\/09\/logo-01.jpg","contentUrl":"https:\/\/yourjob.ba\/wp-content\/uploads\/2024\/09\/logo-01.jpg","width":1803,"height":673,"caption":"YourJob"},"image":{"@id":"https:\/\/yourjob.ba\/#\/schema\/logo\/image\/"}}]}},"_links":{"self":[{"href":"https:\/\/yourjob.ba\/index.php\/wp-json\/wp\/v2\/pages\/2","targetHints":{"allow":["GET"]}}],"collection":[{"href":"https:\/\/yourjob.ba\/index.php\/wp-json\/wp\/v2\/pages"}],"about":[{"href":"https:\/\/yourjob.ba\/index.php\/wp-json\/wp\/v2\/types\/page"}],"author":[{"embeddable":true,"href":"https:\/\/yourjob.ba\/index.php\/wp-json\/wp\/v2\/users\/1"}],"replies":[{"embeddable":true,"href":"https:\/\/yourjob.ba\/index.php\/wp-json\/wp\/v2\/comments?post=2"}],"version-history":[{"count":2,"href":"https:\/\/yourjob.ba\/index.php\/wp-json\/wp\/v2\/pages\/2\/revisions"}],"predecessor-version":[{"id":52,"href":"https:\/\/yourjob.ba\/index.php\/wp-json\/wp\/v2\/pages\/2\/revisions\/52"}],"wp:attachment":[{"href":"https:\/\/yourjob.ba\/index.php\/wp-json\/wp\/v2\/media?parent=2"}],"curies":[{"name":"wp","href":"https:\/\/api.w.org\/{rel}","templated":true}]}}