{"id":108,"date":"2024-09-11T05:50:57","date_gmt":"2024-09-11T05:50:57","guid":{"rendered":"https:\/\/yourjob.ba\/?page_id=108"},"modified":"2025-10-16T07:53:02","modified_gmt":"2025-10-16T07:53:02","slug":"savjetovalista","status":"publish","type":"page","link":"https:\/\/yourjob.ba\/index.php\/savjetovalista\/","title":{"rendered":"Savjetovali\u0161ta"},"content":{"rendered":"\n<figure class=\"wp-block-table\"><table class=\"has-fixed-layout\"><tbody><tr><td><strong>Banja Luka<\/strong><\/td><td><strong>\u201eSocijalno \u2013 edukativni centar\u201d Banja Luka<\/strong><br><em>Savjetovali\u0161te za zapo\u0161ljavanje mladih YOURJOB<\/em><br>Dr. Mladena Stojanovi\u0107a 6<br>BiH \u2013 78000 Banja Luka<\/td><td><strong>Sandra Orlovac<\/strong><br><em>Savjetnica za zapo\u0161ljavanje mladih<\/em><br>+387 63 294 606<\/td><\/tr><tr><td><strong>Mostar<\/strong><\/td><td><strong>Caritas biskupija Mostar-Duvno i<\/strong><br><strong>Trebinje-Mrkan<\/strong><br><em>Savjetovali\u0161te za zapo\u0161ljavanje mladih YOURJOB<\/em><br>Zagreba\u010dka 5A<br>BiH \u2013 88000 Mostar<\/td><td><strong>Danijela \u010cule<\/strong><br><em>Savjetnica za zapo\u0161ljavanje mladih<\/em><br>+387 63 792 826<\/td><\/tr><tr><td><strong>\u010capljina<\/strong><\/td><td><strong>Caritas biskupija Mostar-Duvno i<\/strong><br><strong>Trebinje-Mrkan<\/strong><br><em>Savjetovali\u0161te za zapo\u0161ljavanje mladih YOURJOB<\/em><br>Gojka \u0160u\u0161ka bb,<br>BiH \u2013 88300 \u010capljina<\/td><td><strong>Marija Zubac<\/strong><br><em>Savjetnica za zapo\u0161ljavanje mladih<\/em><br>+387 63 986 748<\/td><\/tr><\/tbody><\/table><\/figure>\n\n\n\n<div class=\"wp-block-buttons is-content-justification-center is-layout-flex wp-container-core-buttons-is-layout-a89b3969 wp-block-buttons-is-layout-flex\">\n<div class=\"wp-block-button\"><a class=\"wp-block-button__link has-text-align-center wp-element-button\" href=\"https:\/\/forms.office.com\/e\/w7hRDMtVYB\">\u017delite da Vas pozovemo?<\/a><\/div>\n<\/div>\n","protected":false},"excerpt":{"rendered":"<p>Banja Luka \u201eSocijalno \u2013 edukativni centar\u201d Banja LukaSavjetovali\u0161te za zapo\u0161ljavanje mladih YOURJOBDr. Mladena Stojanovi\u0107a 6BiH \u2013 78000 Banja Luka Sandra OrlovacSavjetnica za zapo\u0161ljavanje mladih+387 63 294 606 Mostar Caritas biskupija Mostar-Duvno iTrebinje-MrkanSavjetovali\u0161te za zapo\u0161ljavanje mladih YOURJOBZagreba\u010dka 5ABiH \u2013 88000 Mostar Danijela \u010culeSavjetnica za zapo\u0161ljavanje mladih+387 63 792 826 \u010capljina Caritas biskupija Mostar-Duvno iTrebinje-MrkanSavjetovali\u0161te za zapo\u0161ljavanje [&hellip;]<\/p>\n","protected":false},"author":1,"featured_media":0,"parent":0,"menu_order":0,"comment_status":"closed","ping_status":"closed","template":"","meta":{"footnotes":""},"class_list":["post-108","page","type-page","status-publish","hentry"],"yoast_head":"<!-- This site is optimized with the Yoast SEO plugin v27.5 - https:\/\/yoast.com\/product\/yoast-seo-wordpress\/ -->\n<title>Savjetovali\u0161ta - Potpora zapo\u0161ljivosti i mogu\u0107nostima zapo\u0161ljavanja mladih<\/title>\n<meta name=\"robots\" content=\"index, follow, max-snippet:-1, max-image-preview:large, max-video-preview:-1\" \/>\n<link rel=\"canonical\" href=\"https:\/\/yourjob.ba\/index.php\/savjetovalista\/\" \/>\n<meta property=\"og:locale\" content=\"en_US\" \/>\n<meta property=\"og:type\" content=\"article\" \/>\n<meta property=\"og:title\" content=\"Savjetovali\u0161ta - Potpora zapo\u0161ljivosti i mogu\u0107nostima zapo\u0161ljavanja mladih\" \/>\n<meta property=\"og:description\" content=\"Banja Luka \u201eSocijalno \u2013 edukativni centar\u201d Banja LukaSavjetovali\u0161te za zapo\u0161ljavanje mladih YOURJOBDr. Mladena Stojanovi\u0107a 6BiH \u2013 78000 Banja Luka Sandra OrlovacSavjetnica za zapo\u0161ljavanje mladih+387 63 294 606 Mostar Caritas biskupija Mostar-Duvno iTrebinje-MrkanSavjetovali\u0161te za zapo\u0161ljavanje mladih YOURJOBZagreba\u010dka 5ABiH \u2013 88000 Mostar Danijela \u010culeSavjetnica za zapo\u0161ljavanje mladih+387 63 792 826 \u010capljina Caritas biskupija Mostar-Duvno iTrebinje-MrkanSavjetovali\u0161te za zapo\u0161ljavanje [&hellip;]\" \/>\n<meta property=\"og:url\" content=\"https:\/\/yourjob.ba\/index.php\/savjetovalista\/\" \/>\n<meta property=\"og:site_name\" content=\"Potpora zapo\u0161ljivosti i mogu\u0107nostima zapo\u0161ljavanja mladih\" \/>\n<meta property=\"article:modified_time\" content=\"2025-10-16T07:53:02+00:00\" \/>\n<meta name=\"twitter:card\" content=\"summary_large_image\" \/>\n<meta name=\"twitter:label1\" content=\"Est. reading time\" \/>\n\t<meta name=\"twitter:data1\" content=\"1 minute\" \/>\n<script type=\"application\/ld+json\" class=\"yoast-schema-graph\">{\"@context\":\"https:\\\/\\\/schema.org\",\"@graph\":[{\"@type\":\"WebPage\",\"@id\":\"https:\\\/\\\/yourjob.ba\\\/index.php\\\/savjetovalista\\\/\",\"url\":\"https:\\\/\\\/yourjob.ba\\\/index.php\\\/savjetovalista\\\/\",\"name\":\"Savjetovali\u0161ta - Potpora zapo\u0161ljivosti i mogu\u0107nostima zapo\u0161ljavanja mladih\",\"isPartOf\":{\"@id\":\"https:\\\/\\\/yourjob.ba\\\/#website\"},\"datePublished\":\"2024-09-11T05:50:57+00:00\",\"dateModified\":\"2025-10-16T07:53:02+00:00\",\"breadcrumb\":{\"@id\":\"https:\\\/\\\/yourjob.ba\\\/index.php\\\/savjetovalista\\\/#breadcrumb\"},\"inLanguage\":\"en-US\",\"potentialAction\":[{\"@type\":\"ReadAction\",\"target\":[\"https:\\\/\\\/yourjob.ba\\\/index.php\\\/savjetovalista\\\/\"]}]},{\"@type\":\"BreadcrumbList\",\"@id\":\"https:\\\/\\\/yourjob.ba\\\/index.php\\\/savjetovalista\\\/#breadcrumb\",\"itemListElement\":[{\"@type\":\"ListItem\",\"position\":1,\"name\":\"Home\",\"item\":\"https:\\\/\\\/yourjob.ba\\\/\"},{\"@type\":\"ListItem\",\"position\":2,\"name\":\"Savjetovali\u0161ta\"}]},{\"@type\":\"WebSite\",\"@id\":\"https:\\\/\\\/yourjob.ba\\\/#website\",\"url\":\"https:\\\/\\\/yourjob.ba\\\/\",\"name\":\"Potpora zapo\u0161ljivosti i mogu\u0107nostima zapo\u0161ljavanja mladih\",\"description\":\"\",\"publisher\":{\"@id\":\"https:\\\/\\\/yourjob.ba\\\/#organization\"},\"alternateName\":\"YourJob\",\"potentialAction\":[{\"@type\":\"SearchAction\",\"target\":{\"@type\":\"EntryPoint\",\"urlTemplate\":\"https:\\\/\\\/yourjob.ba\\\/?s={search_term_string}\"},\"query-input\":{\"@type\":\"PropertyValueSpecification\",\"valueRequired\":true,\"valueName\":\"search_term_string\"}}],\"inLanguage\":\"en-US\"},{\"@type\":\"Organization\",\"@id\":\"https:\\\/\\\/yourjob.ba\\\/#organization\",\"name\":\"YourJob\",\"url\":\"https:\\\/\\\/yourjob.ba\\\/\",\"logo\":{\"@type\":\"ImageObject\",\"inLanguage\":\"en-US\",\"@id\":\"https:\\\/\\\/yourjob.ba\\\/#\\\/schema\\\/logo\\\/image\\\/\",\"url\":\"https:\\\/\\\/yourjob.ba\\\/wp-content\\\/uploads\\\/2024\\\/09\\\/logo-01.jpg\",\"contentUrl\":\"https:\\\/\\\/yourjob.ba\\\/wp-content\\\/uploads\\\/2024\\\/09\\\/logo-01.jpg\",\"width\":1803,\"height\":673,\"caption\":\"YourJob\"},\"image\":{\"@id\":\"https:\\\/\\\/yourjob.ba\\\/#\\\/schema\\\/logo\\\/image\\\/\"}}]}<\/script>\n<!-- \/ Yoast SEO plugin. -->","yoast_head_json":{"title":"Savjetovali\u0161ta - Potpora zapo\u0161ljivosti i mogu\u0107nostima zapo\u0161ljavanja mladih","robots":{"index":"index","follow":"follow","max-snippet":"max-snippet:-1","max-image-preview":"max-image-preview:large","max-video-preview":"max-video-preview:-1"},"canonical":"https:\/\/yourjob.ba\/index.php\/savjetovalista\/","og_locale":"en_US","og_type":"article","og_title":"Savjetovali\u0161ta - Potpora zapo\u0161ljivosti i mogu\u0107nostima zapo\u0161ljavanja mladih","og_description":"Banja Luka \u201eSocijalno \u2013 edukativni centar\u201d Banja LukaSavjetovali\u0161te za zapo\u0161ljavanje mladih YOURJOBDr. Mladena Stojanovi\u0107a 6BiH \u2013 78000 Banja Luka Sandra OrlovacSavjetnica za zapo\u0161ljavanje mladih+387 63 294 606 Mostar Caritas biskupija Mostar-Duvno iTrebinje-MrkanSavjetovali\u0161te za zapo\u0161ljavanje mladih YOURJOBZagreba\u010dka 5ABiH \u2013 88000 Mostar Danijela \u010culeSavjetnica za zapo\u0161ljavanje mladih+387 63 792 826 \u010capljina Caritas biskupija Mostar-Duvno iTrebinje-MrkanSavjetovali\u0161te za zapo\u0161ljavanje [&hellip;]","og_url":"https:\/\/yourjob.ba\/index.php\/savjetovalista\/","og_site_name":"Potpora zapo\u0161ljivosti i mogu\u0107nostima zapo\u0161ljavanja mladih","article_modified_time":"2025-10-16T07:53:02+00:00","twitter_card":"summary_large_image","twitter_misc":{"Est. reading time":"1 minute"},"schema":{"@context":"https:\/\/schema.org","@graph":[{"@type":"WebPage","@id":"https:\/\/yourjob.ba\/index.php\/savjetovalista\/","url":"https:\/\/yourjob.ba\/index.php\/savjetovalista\/","name":"Savjetovali\u0161ta - Potpora zapo\u0161ljivosti i mogu\u0107nostima zapo\u0161ljavanja mladih","isPartOf":{"@id":"https:\/\/yourjob.ba\/#website"},"datePublished":"2024-09-11T05:50:57+00:00","dateModified":"2025-10-16T07:53:02+00:00","breadcrumb":{"@id":"https:\/\/yourjob.ba\/index.php\/savjetovalista\/#breadcrumb"},"inLanguage":"en-US","potentialAction":[{"@type":"ReadAction","target":["https:\/\/yourjob.ba\/index.php\/savjetovalista\/"]}]},{"@type":"BreadcrumbList","@id":"https:\/\/yourjob.ba\/index.php\/savjetovalista\/#breadcrumb","itemListElement":[{"@type":"ListItem","position":1,"name":"Home","item":"https:\/\/yourjob.ba\/"},{"@type":"ListItem","position":2,"name":"Savjetovali\u0161ta"}]},{"@type":"WebSite","@id":"https:\/\/yourjob.ba\/#website","url":"https:\/\/yourjob.ba\/","name":"Potpora zapo\u0161ljivosti i mogu\u0107nostima zapo\u0161ljavanja mladih","description":"","publisher":{"@id":"https:\/\/yourjob.ba\/#organization"},"alternateName":"YourJob","potentialAction":[{"@type":"SearchAction","target":{"@type":"EntryPoint","urlTemplate":"https:\/\/yourjob.ba\/?s={search_term_string}"},"query-input":{"@type":"PropertyValueSpecification","valueRequired":true,"valueName":"search_term_string"}}],"inLanguage":"en-US"},{"@type":"Organization","@id":"https:\/\/yourjob.ba\/#organization","name":"YourJob","url":"https:\/\/yourjob.ba\/","logo":{"@type":"ImageObject","inLanguage":"en-US","@id":"https:\/\/yourjob.ba\/#\/schema\/logo\/image\/","url":"https:\/\/yourjob.ba\/wp-content\/uploads\/2024\/09\/logo-01.jpg","contentUrl":"https:\/\/yourjob.ba\/wp-content\/uploads\/2024\/09\/logo-01.jpg","width":1803,"height":673,"caption":"YourJob"},"image":{"@id":"https:\/\/yourjob.ba\/#\/schema\/logo\/image\/"}}]}},"_links":{"self":[{"href":"https:\/\/yourjob.ba\/index.php\/wp-json\/wp\/v2\/pages\/108","targetHints":{"allow":["GET"]}}],"collection":[{"href":"https:\/\/yourjob.ba\/index.php\/wp-json\/wp\/v2\/pages"}],"about":[{"href":"https:\/\/yourjob.ba\/index.php\/wp-json\/wp\/v2\/types\/page"}],"author":[{"embeddable":true,"href":"https:\/\/yourjob.ba\/index.php\/wp-json\/wp\/v2\/users\/1"}],"replies":[{"embeddable":true,"href":"https:\/\/yourjob.ba\/index.php\/wp-json\/wp\/v2\/comments?post=108"}],"version-history":[{"count":8,"href":"https:\/\/yourjob.ba\/index.php\/wp-json\/wp\/v2\/pages\/108\/revisions"}],"predecessor-version":[{"id":713,"href":"https:\/\/yourjob.ba\/index.php\/wp-json\/wp\/v2\/pages\/108\/revisions\/713"}],"wp:attachment":[{"href":"https:\/\/yourjob.ba\/index.php\/wp-json\/wp\/v2\/media?parent=108"}],"curies":[{"name":"wp","href":"https:\/\/api.w.org\/{rel}","templated":true}]}}